{"id":3023,"date":"2026-02-04T12:25:21","date_gmt":"2026-02-04T12:25:21","guid":{"rendered":"https:\/\/freistil-rolf-benz.de\/?page_id=3023"},"modified":"2026-02-09T12:54:52","modified_gmt":"2026-02-09T12:54:52","slug":"haeufige-fragen-faq","status":"publish","type":"page","link":"https:\/\/freistil-rolf-benz.de\/?page_id=3023","title":{"rendered":"H\u00e4ufige Fragen &#8211; FAQ"},"content":{"rendered":"\t\t<div data-elementor-type=\"wp-page\" data-elementor-id=\"3023\" class=\"elementor elementor-3023\">\n\t\t\t\t\t\t<section class=\"elementor-section elementor-top-section elementor-element elementor-element-0f8e63e elementor-section-boxed elementor-section-height-default elementor-section-height-default\" data-id=\"0f8e63e\" data-element_type=\"section\" data-e-type=\"section\">\n\t\t\t\t\t\t<div class=\"elementor-container elementor-column-gap-default\">\n\t\t\t\t\t<div class=\"elementor-column elementor-col-100 elementor-top-column elementor-element elementor-element-b7775af\" data-id=\"b7775af\" data-element_type=\"column\" data-e-type=\"column\">\n\t\t\t<div class=\"elementor-widget-wrap elementor-element-populated\">\n\t\t\t\t\t\t<div class=\"elementor-element elementor-element-3796ff1 elementor-widget elementor-widget-eael-adv-accordion\" data-id=\"3796ff1\" data-element_type=\"widget\" data-e-type=\"widget\" data-widget_type=\"eael-adv-accordion.default\">\n\t\t\t\t<div class=\"elementor-widget-container\">\n\t\t\t\t\t            <div class=\"eael-adv-accordion\" id=\"eael-adv-accordion-3796ff1\" data-scroll-on-click=\"no\" data-scroll-speed=\"300\" data-accordion-id=\"3796ff1\" data-accordion-type=\"accordion\" data-toogle-speed=\"300\">\n            <div class=\"eael-accordion-list\">\n\t\t\t\t\t<div id=\"was-ist-mit-outletpreise-fr-selbstabholer-gemeint-\" class=\"elementor-tab-title eael-accordion-header\" tabindex=\"0\" data-tab=\"1\" aria-controls=\"elementor-tab-content-5821\"><i aria-hidden=\"true\" class=\"fa-toggle fas fa-angle-right\"><\/i><h4 class=\"eael-accordion-tab-title\">Was ist mit Outletpreise f\u00fcr Selbstabholer gemeint ?<\/h4><span class=\"eael-advanced-accordion-icon-closed\"><i aria-hidden=\"true\" class=\"fa-accordion-icon fas fa-plus\"><\/i><\/span><span class=\"eael-advanced-accordion-icon-opened\"><i aria-hidden=\"true\" class=\"fa-accordion-icon fas fa-minus\"><\/i><\/span><\/div><div id=\"elementor-tab-content-5821\" class=\"eael-accordion-content clearfix\" data-tab=\"1\" aria-labelledby=\"was-ist-mit-outletpreise-fr-selbstabholer-gemeint-\"><h4>Wir bieten dir einen besonders attraktiven Preis an, wenn du dich selbst um die Abholung deines Sofas bei uns in Metzingen k\u00fcmmerst.<\/h4><\/div>\n\t\t\t\t\t<\/div><div class=\"eael-accordion-list\">\n\t\t\t\t\t<div id=\"kann-ich-mein-sofa-auch-liefern-lassen-\" class=\"elementor-tab-title eael-accordion-header\" tabindex=\"0\" data-tab=\"2\" aria-controls=\"elementor-tab-content-5822\"><i aria-hidden=\"true\" class=\"fa-toggle fas fa-angle-right\"><\/i><h4 class=\"eael-accordion-tab-title\">Kann ich mein Sofa auch liefern lassen ?<\/h4><span class=\"eael-advanced-accordion-icon-closed\"><i aria-hidden=\"true\" class=\"fa-accordion-icon fas fa-plus\"><\/i><\/span><span class=\"eael-advanced-accordion-icon-opened\"><i aria-hidden=\"true\" class=\"fa-accordion-icon fas fa-minus\"><\/i><\/span><\/div><div id=\"elementor-tab-content-5822\" class=\"eael-accordion-content clearfix\" data-tab=\"2\" aria-labelledby=\"kann-ich-mein-sofa-auch-liefern-lassen-\"><h4>Eine Lieferung ist generell m\u00f6glich. Bei einem Radius von ca. 60 km um Metzingen ist sogar eine Lieferung mit zwei Mann incl. Aufstellservice verf\u00fcgbar. Bei gr\u00f6\u00dferen Entfernungen liefern wir, wenn gew\u00fcnscht, per Spedition aus. Die Zusatzkosten f\u00fcr die Lieferung teilen wir dir gerne auf Nachfrage mit.<\/h4><\/div>\n\t\t\t\t\t<\/div><div class=\"eael-accordion-list\">\n\t\t\t\t\t<div id=\"haben-die-sofas-mngel-oder-sind-es-zweite-wahl-sofas-\" class=\"elementor-tab-title eael-accordion-header\" tabindex=\"0\" data-tab=\"3\" aria-controls=\"elementor-tab-content-5823\"><i aria-hidden=\"true\" class=\"fa-toggle fas fa-angle-right\"><\/i><h4 class=\"eael-accordion-tab-title\">Haben die Sofas M\u00e4ngel oder sind es zweite Wahl Sofas ?<\/h4><span class=\"eael-advanced-accordion-icon-closed\"><i aria-hidden=\"true\" class=\"fa-accordion-icon fas fa-plus\"><\/i><\/span><span class=\"eael-advanced-accordion-icon-opened\"><i aria-hidden=\"true\" class=\"fa-accordion-icon fas fa-minus\"><\/i><\/span><\/div><div id=\"elementor-tab-content-5823\" class=\"eael-accordion-content clearfix\" data-tab=\"3\" aria-labelledby=\"haben-die-sofas-mngel-oder-sind-es-zweite-wahl-sofas-\"><h4>Nein ! Bei freistil Rolf Benz gibt es keine zweite Wahl. Alle Sofas entsprechen den strengen Qualit\u00e4tskriterien die anspruchsvolle Kunden von den Produkten erwarten.<\/h4><\/div>\n\t\t\t\t\t<\/div><div class=\"eael-accordion-list\">\n\t\t\t\t\t<div id=\"gelten-die-outletpreise-auch-bei-neuen-bestellungen-oder-nur-fr-die-ausgestellten-modelle\" class=\"elementor-tab-title eael-accordion-header\" tabindex=\"0\" data-tab=\"4\" aria-controls=\"elementor-tab-content-5824\"><i aria-hidden=\"true\" class=\"fa-toggle fas fa-angle-right\"><\/i><h4 class=\"eael-accordion-tab-title\">Gelten die Outletpreise auch bei neuen Bestellungen, oder nur f\u00fcr die ausgestellten Modelle?<\/h4><span class=\"eael-advanced-accordion-icon-closed\"><i aria-hidden=\"true\" class=\"fa-accordion-icon fas fa-plus\"><\/i><\/span><span class=\"eael-advanced-accordion-icon-opened\"><i aria-hidden=\"true\" class=\"fa-accordion-icon fas fa-minus\"><\/i><\/span><\/div><div id=\"elementor-tab-content-5824\" class=\"eael-accordion-content clearfix\" data-tab=\"4\" aria-labelledby=\"gelten-die-outletpreise-auch-bei-neuen-bestellungen-oder-nur-fr-die-ausgestellten-modelle\"><h4>Nein, du kannst auch ein neues Sofa konfigurieren und es dann zum Outletpreis kaufen.<\/h4><\/div>\n\t\t\t\t\t<\/div><div class=\"eael-accordion-list\">\n\t\t\t\t\t<div id=\"mu-ich-fr-eine-bestellung-ins-geschft-kommen-\" class=\"elementor-tab-title eael-accordion-header\" tabindex=\"0\" data-tab=\"5\" aria-controls=\"elementor-tab-content-5825\"><i aria-hidden=\"true\" class=\"fa-toggle fas fa-angle-right\"><\/i><h4 class=\"eael-accordion-tab-title\">Mu\u00df ich f\u00fcr eine Bestellung ins Gesch\u00e4ft kommen ?<\/h4><span class=\"eael-advanced-accordion-icon-closed\"><i aria-hidden=\"true\" class=\"fa-accordion-icon fas fa-plus\"><\/i><\/span><span class=\"eael-advanced-accordion-icon-opened\"><i aria-hidden=\"true\" class=\"fa-accordion-icon fas fa-minus\"><\/i><\/span><\/div><div id=\"elementor-tab-content-5825\" class=\"eael-accordion-content clearfix\" data-tab=\"5\" aria-labelledby=\"mu-ich-fr-eine-bestellung-ins-geschft-kommen-\"><h4>Nein, du kannst auch deine Anfrage per Email senden und dann direkt bestellen.<\/h4><p>\u00a0<\/p><\/div>\n\t\t\t\t\t<\/div><div class=\"eael-accordion-list\">\n\t\t\t\t\t<div id=\"wie-hoch-ist-die-anzahlung-\" class=\"elementor-tab-title eael-accordion-header\" tabindex=\"0\" data-tab=\"6\" aria-controls=\"elementor-tab-content-5826\"><i aria-hidden=\"true\" class=\"fa-toggle fas fa-angle-right\"><\/i><h4 class=\"eael-accordion-tab-title\">Wie hoch ist die Anzahlung ?<\/h4><span class=\"eael-advanced-accordion-icon-closed\"><i aria-hidden=\"true\" class=\"fa-accordion-icon fas fa-plus\"><\/i><\/span><span class=\"eael-advanced-accordion-icon-opened\"><i aria-hidden=\"true\" class=\"fa-accordion-icon fas fa-minus\"><\/i><\/span><\/div><div id=\"elementor-tab-content-5826\" class=\"eael-accordion-content clearfix\" data-tab=\"6\" aria-labelledby=\"wie-hoch-ist-die-anzahlung-\"><h4>Die Anzahlung ist 33% bis 50% des Rechnungsbetrags. Bei 33% wird die zweite Anzahlung von 33% nach 5 Wochen f\u00e4llig und die Restzahlung kurz vor der Auslieferung.<\/h4><p>\u00a0<\/p><\/div>\n\t\t\t\t\t<\/div><div class=\"eael-accordion-list\">\n\t\t\t\t\t<div id=\"ist-teilzahlung-mglich-\" class=\"elementor-tab-title eael-accordion-header\" tabindex=\"0\" data-tab=\"7\" aria-controls=\"elementor-tab-content-5827\"><i aria-hidden=\"true\" class=\"fa-toggle fas fa-angle-right\"><\/i><h4 class=\"eael-accordion-tab-title\">Ist Teilzahlung m\u00f6glich ?<\/h4><span class=\"eael-advanced-accordion-icon-closed\"><i aria-hidden=\"true\" class=\"fa-accordion-icon fas fa-plus\"><\/i><\/span><span class=\"eael-advanced-accordion-icon-opened\"><i aria-hidden=\"true\" class=\"fa-accordion-icon fas fa-minus\"><\/i><\/span><\/div><div id=\"elementor-tab-content-5827\" class=\"eael-accordion-content clearfix\" data-tab=\"7\" aria-labelledby=\"ist-teilzahlung-mglich-\"><h4>Ja, du kannst den Rechnungsbetrag auch in drei Teilzahlungen, vor der Auslieferung, leisten.<\/h4><p>\u00a0<\/p><\/div>\n\t\t\t\t\t<\/div><div class=\"eael-accordion-list\">\n\t\t\t\t\t<div id=\"kann-ich-stoffmuster-bestellen-\" class=\"elementor-tab-title eael-accordion-header\" tabindex=\"0\" data-tab=\"8\" aria-controls=\"elementor-tab-content-5828\"><i aria-hidden=\"true\" class=\"fa-toggle fas fa-angle-right\"><\/i><h4 class=\"eael-accordion-tab-title\">Kann ich Stoffmuster bestellen ?<\/h4><span class=\"eael-advanced-accordion-icon-closed\"><i aria-hidden=\"true\" class=\"fa-accordion-icon fas fa-plus\"><\/i><\/span><span class=\"eael-advanced-accordion-icon-opened\"><i aria-hidden=\"true\" class=\"fa-accordion-icon fas fa-minus\"><\/i><\/span><\/div><div id=\"elementor-tab-content-5828\" class=\"eael-accordion-content clearfix\" data-tab=\"8\" aria-labelledby=\"kann-ich-stoffmuster-bestellen-\"><h4>Ja, schreibe uns einfach eine <a href=\"mailto:freistiloutlet@gmail.com\">Email<\/a> mit deiner Anschrift und deinen Stoffnummern bzw. Stoffnamen zukommen, dann lassen wir dir die Stoffmuster zukommen.<\/h4><\/div>\n\t\t\t\t\t<\/div><div class=\"eael-accordion-list\">\n\t\t\t\t\t<div id=\"wie-lange-ist-die-lieferzeit-fr-neue-bestellungen-\" class=\"elementor-tab-title eael-accordion-header\" tabindex=\"0\" data-tab=\"9\" aria-controls=\"elementor-tab-content-5829\"><i aria-hidden=\"true\" class=\"fa-toggle fas fa-angle-right\"><\/i><h4 class=\"eael-accordion-tab-title\">Wie lange ist die Lieferzeit f\u00fcr neue Bestellungen ?<\/h4><span class=\"eael-advanced-accordion-icon-closed\"><i aria-hidden=\"true\" class=\"fa-accordion-icon fas fa-plus\"><\/i><\/span><span class=\"eael-advanced-accordion-icon-opened\"><i aria-hidden=\"true\" class=\"fa-accordion-icon fas fa-minus\"><\/i><\/span><\/div><div id=\"elementor-tab-content-5829\" class=\"eael-accordion-content clearfix\" data-tab=\"9\" aria-labelledby=\"wie-lange-ist-die-lieferzeit-fr-neue-bestellungen-\"><h4>Die Lieferzeit bei Freistil Rolf Benz ist in der Regel ca. 10 Wochen ab Bestellung.<\/h4><\/div>\n\t\t\t\t\t<\/div><div class=\"eael-accordion-list\">\n\t\t\t\t\t<div id=\"wie-kann-ich-erkennen-dass-ich-auf-der-webseite-des-herstellers-freistil-rolf-benz-bin-\" class=\"elementor-tab-title eael-accordion-header\" tabindex=\"0\" data-tab=\"10\" aria-controls=\"elementor-tab-content-58210\"><i aria-hidden=\"true\" class=\"fa-toggle fas fa-angle-right\"><\/i><h4 class=\"eael-accordion-tab-title\">Wie kann ich erkennen dass ich auf der Webseite des Herstellers, freistil Rolf Benz, bin ?<\/h4><span class=\"eael-advanced-accordion-icon-closed\"><i aria-hidden=\"true\" class=\"fa-accordion-icon fas fa-plus\"><\/i><\/span><span class=\"eael-advanced-accordion-icon-opened\"><i aria-hidden=\"true\" class=\"fa-accordion-icon fas fa-minus\"><\/i><\/span><\/div><div id=\"elementor-tab-content-58210\" class=\"eael-accordion-content clearfix\" data-tab=\"10\" aria-labelledby=\"wie-kann-ich-erkennen-dass-ich-auf-der-webseite-des-herstellers-freistil-rolf-benz-bin-\"><h4>Es gibt mehrere Webseiten im Netz die so aussehen als w\u00e4ren Sie direkt von freistil. Freistil Rolf Benz hat nur eine einzige offizielle Webseite. Diese findest du unter \u00a0<a href=\"https:\/\/www.freistil-rolfbenz.com\/home\">https:\/\/freistil-rolfbenz.com<\/a><\/h4><h4>Alle anderen Webseiten sind von freistil H\u00e4ndlern, wie auch unsere Website.\u00a0<\/h4><h4>\u00a0<\/h4><\/div>\n\t\t\t\t\t<\/div><div class=\"eael-accordion-list\">\n\t\t\t\t\t<div id=\"kann-ich-im-freistil-outlet-in-metzingen-probesitzen\" class=\"elementor-tab-title eael-accordion-header\" tabindex=\"0\" data-tab=\"11\" aria-controls=\"elementor-tab-content-58211\"><i aria-hidden=\"true\" class=\"fa-toggle fas fa-angle-right\"><\/i><h4 class=\"eael-accordion-tab-title\">Kann ich im freistil Outlet in Metzingen Probesitzen?<\/h4><span class=\"eael-advanced-accordion-icon-closed\"><i aria-hidden=\"true\" class=\"fa-accordion-icon fas fa-plus\"><\/i><\/span><span class=\"eael-advanced-accordion-icon-opened\"><i aria-hidden=\"true\" class=\"fa-accordion-icon fas fa-minus\"><\/i><\/span><\/div><div id=\"elementor-tab-content-58211\" class=\"eael-accordion-content clearfix\" data-tab=\"11\" aria-labelledby=\"kann-ich-im-freistil-outlet-in-metzingen-probesitzen\"><h4>Ja, <a href=\"https:\/\/freistil-rolf-benz.de\/?product_cat=freistil-sofas\">hier<\/a> kannst du sehen welche Sofas aktuell bei uns in Metzingen ausgestellt sind.<\/h4><\/div>\n\t\t\t\t\t<\/div><div class=\"eael-accordion-list\">\n\t\t\t\t\t<div id=\"kann-ich-einen-termin-auerhalb-der-kernffnugszeiten-vereinbaren-\" class=\"elementor-tab-title eael-accordion-header\" tabindex=\"0\" data-tab=\"12\" aria-controls=\"elementor-tab-content-58212\"><i aria-hidden=\"true\" class=\"fa-toggle fas fa-angle-right\"><\/i><h4 class=\"eael-accordion-tab-title\">Kann ich einen Termin au\u00dferhalb der Kern\u00f6ffnugszeiten vereinbaren ?<\/h4><span class=\"eael-advanced-accordion-icon-closed\"><i aria-hidden=\"true\" class=\"fa-accordion-icon fas fa-plus\"><\/i><\/span><span class=\"eael-advanced-accordion-icon-opened\"><i aria-hidden=\"true\" class=\"fa-accordion-icon fas fa-minus\"><\/i><\/span><\/div><div id=\"elementor-tab-content-58212\" class=\"eael-accordion-content clearfix\" data-tab=\"12\" aria-labelledby=\"kann-ich-einen-termin-auerhalb-der-kernffnugszeiten-vereinbaren-\"><h4>Ja, klicke einfach auf <a href=\"https:\/\/calendly.com\/storebraun\/bretz?month=2026-02\">diesen Link<\/a> oder ruf uns w\u00e4hren der \u00d6ffnungszeiten unter <strong>0176 4354 3348 an.<\/strong><\/h4><\/div>\n\t\t\t\t\t<\/div><div class=\"eael-accordion-list\">\n\t\t\t\t\t<div id=\"ist-der-konfigurator-ein-eigener-konfigurator-vom-freistil-outlet-metzingen-oder-direkt-vom-hersteller-\" class=\"elementor-tab-title eael-accordion-header\" tabindex=\"0\" data-tab=\"13\" aria-controls=\"elementor-tab-content-58213\"><i aria-hidden=\"true\" class=\"fa-toggle fas fa-angle-right\"><\/i><h4 class=\"eael-accordion-tab-title\">Ist der Konfigurator ein eigener Konfigurator vom freistil Outlet Metzingen oder direkt vom Hersteller ?<\/h4><span class=\"eael-advanced-accordion-icon-closed\"><i aria-hidden=\"true\" class=\"fa-accordion-icon fas fa-plus\"><\/i><\/span><span class=\"eael-advanced-accordion-icon-opened\"><i aria-hidden=\"true\" class=\"fa-accordion-icon fas fa-minus\"><\/i><\/span><\/div><div id=\"elementor-tab-content-58213\" class=\"eael-accordion-content clearfix\" data-tab=\"13\" aria-labelledby=\"ist-der-konfigurator-ein-eigener-konfigurator-vom-freistil-outlet-metzingen-oder-direkt-vom-hersteller-\"><h4>Wenn du bei uns auf den Konfigurator klickst, wirst du auf den Konfigurator des Herstellers weitergeleitet. So stellen wir sicher, dass du den Konfigurator mit der aktuellsten Version verwendest. Wenn du deine Konfiguration erstellt hast, kannst du uns diese zusenden und wir machen dir ein attraktives Angebot. Mail an: <a href=\"mailto:freistiloutlet@gmail.com\">freistiloutlet@gmail.com<\/a><\/h4><div>\u00a0<\/div><\/div>\n\t\t\t\t\t<\/div><\/div>\t\t\t\t<\/div>\n\t\t\t\t<\/div>\n\t\t\t\t\t<\/div>\n\t\t<\/div>\n\t\t\t\t\t<\/div>\n\t\t<\/section>\n\t\t\t\t<\/div>\n\t\t","protected":false},"excerpt":{"rendered":"<p>Was ist mit Outletpreise f\u00fcr Selbstabholer gemeint ? Wir bieten dir einen besonders attraktiven Preis an, wenn du dich selbst um die Abholung deines Sofas bei uns in Metzingen k\u00fcmmerst. Kann ich mein Sofa auch liefern lassen ? Eine Lieferung ist generell m\u00f6glich. Bei einem Radius von ca. 60 km um Metzingen ist sogar eine [&hellip;]<\/p>\n","protected":false},"author":1,"featured_media":0,"parent":0,"menu_order":0,"comment_status":"closed","ping_status":"closed","template":"","meta":{"_coblocks_attr":"","_coblocks_dimensions":"","_coblocks_responsive_height":"","_coblocks_accordion_ie_support":"","footnotes":""},"class_list":["post-3023","page","type-page","status-publish","hentry"],"jetpack_sharing_enabled":true,"_links":{"self":[{"href":"https:\/\/freistil-rolf-benz.de\/index.php?rest_route=\/wp\/v2\/pages\/3023"}],"collection":[{"href":"https:\/\/freistil-rolf-benz.de\/index.php?rest_route=\/wp\/v2\/pages"}],"about":[{"href":"https:\/\/freistil-rolf-benz.de\/index.php?rest_route=\/wp\/v2\/types\/page"}],"author":[{"embeddable":true,"href":"https:\/\/freistil-rolf-benz.de\/index.php?rest_route=\/wp\/v2\/users\/1"}],"replies":[{"embeddable":true,"href":"https:\/\/freistil-rolf-benz.de\/index.php?rest_route=%2Fwp%2Fv2%2Fcomments&post=3023"}],"version-history":[{"count":109,"href":"https:\/\/freistil-rolf-benz.de\/index.php?rest_route=\/wp\/v2\/pages\/3023\/revisions"}],"predecessor-version":[{"id":3145,"href":"https:\/\/freistil-rolf-benz.de\/index.php?rest_route=\/wp\/v2\/pages\/3023\/revisions\/3145"}],"wp:attachment":[{"href":"https:\/\/freistil-rolf-benz.de\/index.php?rest_route=%2Fwp%2Fv2%2Fmedia&parent=3023"}],"curies":[{"name":"wp","href":"https:\/\/api.w.org\/{rel}","templated":true}]}}