{"id":362,"date":"2020-05-01T17:15:36","date_gmt":"2020-05-01T17:15:36","guid":{"rendered":"https:\/\/freistil-rolf-benz.de\/?page_id=362"},"modified":"2020-05-01T17:45:53","modified_gmt":"2020-05-01T17:45:53","slug":"agb","status":"publish","type":"page","link":"https:\/\/freistil-rolf-benz.de\/?page_id=362","title":{"rendered":"AGB"},"content":{"rendered":"\n<h1 class=\"wp-block-heading\">Allgemeine Gesch\u00e4ftsbedingungen mit Kundeninformationen<\/h1>\n\n\n\n<h2 class=\"wp-block-heading\">Inhaltsverzeichnis<\/h2>\n\n\n\n<ol class=\"wp-block-list\"><li>Geltungsbereich<\/li><li>Vertragsschluss<\/li><li>Widerrufsrecht<\/li><li>Preise und Zahlungsbedingungen<\/li><li>Liefer- und Versandbedingungen<\/li><li>Eigentumsvorbehalt<\/li><li>M\u00e4ngelhaftung (Gew\u00e4hrleistung)<\/li><li>Anwendbares Recht<\/li><li>Alternative Streitbeilegung<\/li><\/ol>\n\n\n\n<h2 class=\"wp-block-heading\">1) Geltungsbereich<\/h2>\n\n\n\n<p><strong>1.1<\/strong>\u2009Diese Allgemeinen Gesch\u00e4ftsbedingungen (nachfolgend &#8222;AGB&#8220;) des Alfred Braun, handelnd unter &#8222;Sofa Lounge&#8220; (nachfolgend &#8222;Verk\u00e4ufer&#8220;), gelten f\u00fcr alle Vertr\u00e4ge \u00fcber die Lieferung von Waren, die ein Verbraucher oder Unternehmer (nachfolgend \u201eKunde\u201c) mit dem Verk\u00e4ufer hinsichtlich der vom Verk\u00e4ufer in seinem Online-Shop dargestellten Waren abschlie\u00dft. Hiermit wird der Einbeziehung von eigenen Bedingungen des Kunden widersprochen, es sei denn, es ist etwas anderes vereinbart.<\/p>\n\n\n\n<p><strong>1.2<\/strong>\u2009Verbraucher im Sinne dieser AGB ist jede nat\u00fcrliche Person, die ein Rechtsgesch\u00e4ft zu Zwecken abschlie\u00dft, die \u00fcberwiegend weder ihrer gewerblichen noch ihrer selbst\u00e4ndigen beruflichen T\u00e4tigkeit zugerechnet werden k\u00f6nnen. Unternehmer im Sinne dieser AGB ist eine nat\u00fcrliche oder juristische Person oder eine rechtsf\u00e4hige Personengesellschaft, die bei Abschluss eines Rechtsgesch\u00e4fts in Aus\u00fcbung ihrer gewerblichen oder selbst\u00e4ndigen beruflichen T\u00e4tigkeit handelt.<\/p>\n\n\n\n<h2 class=\"wp-block-heading\">2) Vertragsschluss<\/h2>\n\n\n\n<p><strong>2.1<\/strong>\u2009Die im Online-Shop des Verk\u00e4ufers enthaltenen Produktbeschreibungen stellen keine verbindlichen Angebote seitens des Verk\u00e4ufers dar, sondern dienen zur Abgabe eines verbindlichen Angebots durch den Kunden.<\/p>\n\n\n\n<p><strong>2.2<\/strong>\u2009Der Kunde kann das Angebot \u00fcber das in den Online-Shop des Verk\u00e4ufers integrierte Online-Bestellformular abgeben. Dabei gibt der Kunde, nachdem er die ausgew\u00e4hlten Waren in den virtuellen Warenkorb gelegt und den elektronischen Bestellprozess durchlaufen hat, durch Klicken des den Bestellvorgang abschlie\u00dfenden Buttons ein rechtlich verbindliches Vertragsangebot in Bezug auf die im Warenkorb enthaltenen Waren ab. Ferner kann der Kunde das Angebot auch telefonisch, per E-Mail, postalisch oder per Online-Kontaktformular gegen\u00fcber dem Verk\u00e4ufer abgeben.<\/p>\n\n\n\n<p><strong>2.3<\/strong>\u2009Der Verk\u00e4ufer kann das Angebot des Kunden innerhalb von f\u00fcnf Tagen annehmen,<\/p>\n\n\n\n<ul class=\"wp-block-list\"><li>indem er dem Kunden eine schriftliche Auftragsbest\u00e4tigung oder eine Auftragsbest\u00e4tigung in Textform (Fax oder E-Mail) \u00fcbermittelt, wobei insoweit der Zugang der Auftragsbest\u00e4tigung beim Kunden ma\u00dfgeblich ist, oder<\/li><li>indem er dem Kunden die bestellte Ware liefert, wobei insoweit der Zugang der Ware beim Kunden ma\u00dfgeblich ist, oder<\/li><li>indem er den Kunden nach Abgabe von dessen Bestellung zur Zahlung auffordert.<\/li><\/ul>\n\n\n\n<p>Liegen mehrere der vorgenannten Alternativen vor, kommt der Vertrag in dem Zeitpunkt zustande, in dem eine der vorgenannten Alternativen zuerst eintritt. Die Frist zur Annahme des Angebots beginnt am Tag nach der Absendung des Angebots durch den Kunden zu laufen und endet mit dem Ablauf des f\u00fcnften Tages, welcher auf die Absendung des Angebots folgt. Nimmt der Verk\u00e4ufer das Angebot des Kunden innerhalb vorgenannter Frist nicht an, so gilt dies als Ablehnung des Angebots mit der Folge, dass der Kunde nicht mehr an seine Willenserkl\u00e4rung gebunden ist.<\/p>\n\n\n\n<p><strong>2.4<\/strong>\u2009Bei Auswahl der Zahlungsart \u201ePayPal Express\u201c erfolgt die Zahlungsabwicklung \u00fcber den Zahlungsdienstleister PayPal (Europe) S.\u00e0 r.l. et Cie, S.C.A., 22-24 Boulevard Royal, L-2449 Luxembourg (im Folgenden: \u201ePayPal\u201c), unter Geltung der PayPal-Nutzungsbedingungen, einsehbar unter https:\/\/www.paypal.com\/de\/webapps\/mpp\/ua\/useragreement-full oder &#8211; falls der Kunde nicht \u00fcber ein PayPal-Konto verf\u00fcgt \u2013 unter Geltung der Bedingungen f\u00fcr Zahlungen ohne PayPal-Konto, einsehbar unter https:\/\/www.paypal.com\/de\/webapps\/mpp\/ua\/privacywax-full. W\u00e4hlt der Kunde im Rahmen des Online-Bestellvorgangs \u201ePayPal Express\u201c als Zahlungsart aus, erteilt er durch Klicken des den Bestellvorgang abschlie\u00dfenden Buttons zugleich auch einen Zahlungsauftrag an PayPal. F\u00fcr diesen Fall erkl\u00e4rt der Verk\u00e4ufer schon jetzt die Annahme des Angebots des Kunden in dem Zeitpunkt, in dem der Kunde durch Klicken des den Bestellvorgang abschlie\u00dfenden Buttons den Zahlungsvorgang ausl\u00f6st.<\/p>\n\n\n\n<p><strong>2.5<\/strong>\u2009Bei der Abgabe eines Angebots \u00fcber das Online-Bestellformular des Verk\u00e4ufers wird der Vertragstext nach dem Vertragsschluss vom Verk\u00e4ufer gespeichert und dem Kunden nach Absendung von dessen Bestellung in Textform (z. B. E-Mail, Fax oder Brief) \u00fcbermittelt. Eine dar\u00fcber hinausgehende Zug\u00e4nglichmachung des Vertragstextes durch den Verk\u00e4ufer erfolgt nicht. Sofern der Kunde vor Absendung seiner Bestellung ein Nutzerkonto im Online-Shop des Verk\u00e4ufers eingerichtet hat, werden die Bestelldaten auf der Website des Verk\u00e4ufers archiviert und k\u00f6nnen vom Kunden \u00fcber dessen passwortgesch\u00fctztes Nutzerkonto unter Angabe der entsprechenden Login-Daten kostenlos abgerufen werden.<\/p>\n\n\n\n<p><strong>2.6<\/strong>\u2009Vor verbindlicher Abgabe der Bestellung \u00fcber das Online-Bestellformular des Verk\u00e4ufers kann der Kunde m\u00f6gliche Eingabefehler durch aufmerksames Lesen der auf dem Bildschirm dargestellten Informationen erkennen. Ein wirksames technisches Mittel zur besseren Erkennung von Eingabefehlern kann dabei die Vergr\u00f6\u00dferungsfunktion des Browsers sein, mit deren Hilfe die Darstellung auf dem Bildschirm vergr\u00f6\u00dfert wird. Seine Eingaben kann der Kunde im Rahmen des elektronischen Bestellprozesses so lange \u00fcber die \u00fcblichen Tastatur- und Mausfunktionen korrigieren, bis er den den Bestellvorgang abschlie\u00dfenden Button anklickt.<\/p>\n\n\n\n<p><strong>2.7<\/strong>\u2009F\u00fcr den Vertragsschluss steht ausschlie\u00dflich die deutsche Sprache zur Verf\u00fcgung.<\/p>\n\n\n\n<p><strong>2.8<\/strong>\u2009Die Bestellabwicklung und Kontaktaufnahme finden in der Regel per E-Mail und automatisierter Bestellabwicklung statt. Der Kunde hat sicherzustellen, dass die von ihm zur Bestellabwicklung angegebene E-Mail-Adresse zutreffend ist, so dass unter dieser Adresse die vom Verk\u00e4ufer versandten E-Mails empfangen werden k\u00f6nnen. Insbesondere hat der Kunde bei dem Einsatz von SPAM-Filtern sicherzustellen, dass alle vom Verk\u00e4ufer oder von diesem mit der Bestellabwicklung beauftragten Dritten versandten E-Mails zugestellt werden k\u00f6nnen.<\/p>\n\n\n\n<h2 class=\"wp-block-heading\">3) Widerrufsrecht<\/h2>\n\n\n\n<p><strong>3.1<\/strong>\u2009Verbrauchern steht grunds\u00e4tzlich ein Widerrufsrecht zu.<\/p>\n\n\n\n<p><strong>3.2<\/strong>\u2009N\u00e4here Informationen zum Widerrufsrecht ergeben sich aus der Widerrufsbelehrung des Verk\u00e4ufers.<\/p>\n\n\n\n<h2 class=\"wp-block-heading\">4) Preise und Zahlungsbedingungen<\/h2>\n\n\n\n<p><strong>4.1<\/strong>\u2009Sofern sich aus der Produktbeschreibung des Verk\u00e4ufers nichts anderes ergibt, handelt es sich bei den angegebenen Preisen um Gesamtpreise, die die gesetzliche Umsatzsteuer enthalten. Gegebenenfalls zus\u00e4tzlich anfallende Liefer- und Versandkosten werden in der jeweiligen Produktbeschreibung gesondert angegeben.<\/p>\n\n\n\n<p><strong>4.2<\/strong>\u2009Die Zahlungsm\u00f6glichkeit\/en wird\/werden dem Kunden im Online-Shop des Verk\u00e4ufers mitgeteilt.<\/p>\n\n\n\n<p><strong>4.3<\/strong>\u2009Ist Vorauskasse per Bank\u00fcberweisung vereinbart, ist die Zahlung sofort nach Vertragsabschluss f\u00e4llig, sofern die Parteien keinen sp\u00e4teren F\u00e4lligkeitstermin vereinbart haben.<\/p>\n\n\n\n<p><strong>4.4<\/strong>\u2009Bei Zahlung mittels einer von PayPal angebotenen Zahlungsart erfolgt die Zahlungsabwicklung \u00fcber den Zahlungsdienstleister PayPal (Europe) S.\u00e0 r.l. et Cie, S.C.A., 22-24 Boulevard Royal, L-2449 Luxembourg (im Folgenden: &#8222;PayPal&#8220;), unter Geltung der PayPal-Nutzungsbedingungen, einsehbar unter https:\/\/www.paypal.com\/de\/webapps\/mpp\/ua\/useragreement-full oder &#8211; falls der Kunde nicht \u00fcber ein PayPal-Konto verf\u00fcgt \u2013 unter Geltung der Bedingungen f\u00fcr Zahlungen ohne PayPal-Konto, einsehbar unter https:\/\/www.paypal.com\/de\/webapps\/mpp\/ua\/privacywax-full.<\/p>\n\n\n\n<p><strong>4.5<\/strong>\u2009Bei Auswahl der Zahlungsart \u201eRatenkauf by easyCredit\u201c erfolgt die Zahlungsabwicklung \u00fcber die TeamBank AG N\u00fcrnberg, Beuthener Stra\u00dfe 25, 90471 N\u00fcrnberg (im folgenden \u201eTeamBank AG\u201c), an die der Verk\u00e4ufer seine Zahlungsforderung abtritt. Vor Annahme der Abtretungserkl\u00e4rung des Verk\u00e4ufers f\u00fchrt die TeamBank AG unter Verwendung der \u00fcbermittelten Kundendaten eine Bonit\u00e4tspr\u00fcfung durch. Der Verk\u00e4ufer beh\u00e4lt sich vor, dem Kunden die Zahlungsart \u201eRatenkauf by easyCredit\u201c im Falle eines negativen Pr\u00fcfungsergebnisses zu verweigern. Wird die Zahlungsart \u201eRatenkauf by easyCredit\u201c von der TeamBank AG zugelassen, hat der Kunde den Rechnungsbetrag zu den vom Verk\u00e4ufer festgelegten Konditionen, die ihm im Online-Shop des Verk\u00e4ufers mitgeteilt werden, an die TeamBank AG zu bezahlen. Er kann in diesem Fall nur an die TeamBank AG mit schuldbefreiender Wirkung leisten. Der Verk\u00e4ufer bleibt jedoch auch im Falle der Forderungsabtretung zust\u00e4ndig f\u00fcr allgemeine Kundenanfragen z. B. zur Ware, Lieferzeit, Versendung, Retouren, Reklamationen, Widerrufserkl\u00e4rungen und -zusendungen oder Gutschriften. Erg\u00e4nzend gelten die Allgemeinen Gesch\u00e4ftsbedingungen zum Ratenkauf by easyCredit, die im Internet unter https:\/\/www.easycredit-ratenkauf.de\/download\/rk_ergaenzende_AGB_zum_ratenkauf_by-easycredit_2.0.pdf abgerufen werden k\u00f6nnen.<\/p>\n\n\n\n<h2 class=\"wp-block-heading\">5) Liefer- und Versandbedingungen<\/h2>\n\n\n\n<p><strong>5.1<\/strong>\u2009Die Lieferung von Waren erfolgt auf dem Versandweg an die vom Kunden angegebene Lieferanschrift, sofern nichts anderes vereinbart ist. Bei der Abwicklung der Transaktion ist die in der Bestellabwicklung des Verk\u00e4ufers angegebene Lieferanschrift ma\u00dfgeblich. Abweichend hiervon ist bei Auswahl der Zahlungsart PayPal die vom Kunden zum Zeitpunkt der Bezahlung bei PayPal hinterlegte Lieferanschrift ma\u00dfgeblich.<\/p>\n\n\n\n<p><strong>5.2<\/strong>\u2009Scheitert die Zustellung der Ware aus Gr\u00fcnden, die der Kunde zu vertreten hat, tr\u00e4gt der Kunde die dem Verk\u00e4ufer hierdurch entstehenden angemessenen Kosten. Dies gilt im Hinblick auf die Kosten f\u00fcr die Hinsendung nicht, wenn der Kunde sein Widerrufsrecht wirksam aus\u00fcbt. F\u00fcr die R\u00fccksendekosten gilt bei wirksamer Aus\u00fcbung des Widerrufsrechts durch den Kunden die in der Widerrufsbelehrung des Verk\u00e4ufers hierzu getroffene Regelung.<\/p>\n\n\n\n<p><strong>5.3<\/strong>\u2009Bei Selbstabholung informiert der Verk\u00e4ufer den Kunden zun\u00e4chst per E-Mail dar\u00fcber, dass die von ihm bestellte Ware zur Abholung bereit steht. Nach Erhalt dieser E-Mail kann der Kunde die Ware nach Absprache mit dem Verk\u00e4ufer am Sitz des Verk\u00e4ufers abholen. In diesem Fall werden keine Versandkosten berechnet.<\/p>\n\n\n\n<h2 class=\"wp-block-heading\">6) Eigentumsvorbehalt<\/h2>\n\n\n\n<p>Tritt der Verk\u00e4ufer in Vorleistung, beh\u00e4lt er sich bis zur vollst\u00e4ndigen Bezahlung des geschuldeten Kaufpreises das Eigentum an der gelieferten Ware vor.<\/p>\n\n\n\n<h2 class=\"wp-block-heading\">7) M\u00e4ngelhaftung (Gew\u00e4hrleistung)<\/h2>\n\n\n\n<p><strong>7.1<\/strong>\u2009Ist die Kaufsache mangelhaft, gelten die Vorschriften der gesetzlichen M\u00e4ngelhaftung.<\/p>\n\n\n\n<p><strong>7.2<\/strong>\u2009Abweichend hiervon gilt bei gebrauchten Waren: M\u00e4ngelanspr\u00fcche sind ausgeschlossen, wenn der Mangel erst nach Ablauf eines Jahres ab Ablieferung der Ware auftritt. M\u00e4ngel, die innerhalb eines Jahres ab Ablieferung der Ware auftreten, k\u00f6nnen innerhalb der gesetzlichen Verj\u00e4hrungsfrist geltend gemacht werden. Die Verk\u00fcrzung der Haftungsdauer auf ein Jahr gilt jedoch nicht<\/p>\n\n\n\n<ul class=\"wp-block-list\"><li>f\u00fcr Sachen, die entsprechend ihrer \u00fcblichen Verwendungsweise f\u00fcr ein Bauwerk verwendet worden sind und dessen Mangelhaftigkeit verursacht haben,<\/li><li>f\u00fcr Schadensersatz- und Aufwendungsersatzanspr\u00fcche des Kunden, sowie<\/li><li>f\u00fcr den Fall, dass der Verk\u00e4ufer den Mangel arglistig verschwiegen hat.<\/li><\/ul>\n\n\n\n<p><strong>7.3<\/strong>\u2009Der Kunde wird gebeten, angelieferte Waren mit offensichtlichen Transportsch\u00e4den bei dem Zusteller zu reklamieren und den Verk\u00e4ufer hiervon in Kenntnis zu setzen. Kommt der Kunde dem nicht nach, hat dies keinerlei Auswirkungen auf seine gesetzlichen oder vertraglichen M\u00e4ngelanspr\u00fcche.<\/p>\n\n\n\n<h2 class=\"wp-block-heading\">8) Anwendbares Recht<\/h2>\n\n\n\n<p>F\u00fcr s\u00e4mtliche Rechtsbeziehungen der Parteien gilt das Recht der Bundesrepublik Deutschland unter Ausschluss der Gesetze \u00fcber den internationalen Kauf beweglicher Waren. Bei Verbrauchern gilt diese Rechtswahl nur insoweit, als nicht der gew\u00e4hrte Schutz durch zwingende Bestimmungen des Rechts des Staates, in dem der Verbraucher seinen gew\u00f6hnlichen Aufenthalt hat, entzogen wird.<\/p>\n\n\n\n<h2 class=\"wp-block-heading\">9) Alternative Streitbeilegung<\/h2>\n\n\n\n<p><strong>9.1<\/strong>\u2009Die EU-Kommission stellt im Internet unter folgendem Link eine Plattform zur Online-Streitbeilegung bereit: https:\/\/ec.europa.eu\/consumers\/odr<\/p>\n\n\n\n<p>Diese Plattform dient als Anlaufstelle zur au\u00dfergerichtlichen Beilegung von Streitigkeiten aus Online-Kauf- oder Dienstleistungsvertr\u00e4gen, an denen ein Verbraucher beteiligt ist.<\/p>\n\n\n\n<p><strong>9.2<\/strong>\u2009Der Verk\u00e4ufer ist zur Teilnahme an einem Streitbeilegungsverfahren vor einer Verbraucherschlichtungsstelle weder verpflichtet noch bereit.<\/p>\n","protected":false},"excerpt":{"rendered":"<p>Allgemeine Gesch\u00e4ftsbedingungen mit Kundeninformationen Inhaltsverzeichnis Geltungsbereich Vertragsschluss Widerrufsrecht Preise und Zahlungsbedingungen Liefer- und Versandbedingungen Eigentumsvorbehalt M\u00e4ngelhaftung (Gew\u00e4hrleistung) Anwendbares Recht Alternative Streitbeilegung 1) Geltungsbereich 1.1\u2009Diese Allgemeinen Gesch\u00e4ftsbedingungen (nachfolgend &#8222;AGB&#8220;) des Alfred Braun, handelnd unter &#8222;Sofa Lounge&#8220; (nachfolgend &#8222;Verk\u00e4ufer&#8220;), gelten f\u00fcr alle Vertr\u00e4ge \u00fcber die Lieferung von Waren, die ein Verbraucher oder Unternehmer (nachfolgend \u201eKunde\u201c) mit dem [&hellip;]<\/p>\n","protected":false},"author":1,"featured_media":0,"parent":0,"menu_order":0,"comment_status":"closed","ping_status":"closed","template":"","meta":{"_coblocks_attr":"","_coblocks_dimensions":"","_coblocks_responsive_height":"","_coblocks_accordion_ie_support":"","footnotes":""},"class_list":["post-362","page","type-page","status-publish","hentry"],"jetpack_sharing_enabled":true,"_links":{"self":[{"href":"https:\/\/freistil-rolf-benz.de\/index.php?rest_route=\/wp\/v2\/pages\/362"}],"collection":[{"href":"https:\/\/freistil-rolf-benz.de\/index.php?rest_route=\/wp\/v2\/pages"}],"about":[{"href":"https:\/\/freistil-rolf-benz.de\/index.php?rest_route=\/wp\/v2\/types\/page"}],"author":[{"embeddable":true,"href":"https:\/\/freistil-rolf-benz.de\/index.php?rest_route=\/wp\/v2\/users\/1"}],"replies":[{"embeddable":true,"href":"https:\/\/freistil-rolf-benz.de\/index.php?rest_route=%2Fwp%2Fv2%2Fcomments&post=362"}],"version-history":[{"count":1,"href":"https:\/\/freistil-rolf-benz.de\/index.php?rest_route=\/wp\/v2\/pages\/362\/revisions"}],"predecessor-version":[{"id":380,"href":"https:\/\/freistil-rolf-benz.de\/index.php?rest_route=\/wp\/v2\/pages\/362\/revisions\/380"}],"wp:attachment":[{"href":"https:\/\/freistil-rolf-benz.de\/index.php?rest_route=%2Fwp%2Fv2%2Fmedia&parent=362"}],"curies":[{"name":"wp","href":"https:\/\/api.w.org\/{rel}","templated":true}]}}