{"id":1208,"date":"2021-12-04T12:26:25","date_gmt":"2021-12-04T12:26:25","guid":{"rendered":"https:\/\/freistil-rolf-benz.de\/?post_type=product&#038;p=1208"},"modified":"2025-10-09T11:07:48","modified_gmt":"2025-10-09T11:07:48","slug":"freistil-118-stuhl-von-rolf-benz-neu-eingetroffen","status":"publish","type":"product","link":"https:\/\/freistil-rolf-benz.de\/?product=freistil-118-stuhl-von-rolf-benz-neu-eingetroffen","title":{"rendered":"freistil 118 Stuhl von Rolf Benz ( Ausstellungsst\u00fcck )"},"content":{"rendered":"<p>Link zum QR-Code damit Sie das Sofa in 3D anschauen und als VR ( virtuelle Realit\u00e4t ) in Ihr Zimmer stellen k\u00f6nnen.<\/p>\n<p><a href=\"https:\/\/www.roomle.com\/t\/cp\/ar.html?id=freistil%3A118_type_stuhl%3AE52696BC52A9DBF0BA805C9597BE51DBBF77612127450A3C40E8632A2B0318BB&amp;configuratorId=freistil\">https:\/\/www.roomle.com\/t\/cp\/ar.html?id=freistil%3A118_type_stuhl%3AE52696BC52A9DBF0BA805C9597BE51DBBF77612127450A3C40E8632A2B0318BB&amp;configuratorId=freistil<\/a><\/p>\n","protected":false},"excerpt":{"rendered":"<p><strong>Neues Freistil 118 Stuhl<\/strong>\u00a0von Rolf Benz<\/p>\n<p>mit Husse Sitzkissen<\/p>\n<p>Sitzh\u00f6he: 45cm<\/p>\n<p><b>Tischfuss:\u00a0<\/b>KurveStahl; feinstrucktur pulverbeschichtet; matt tiefschwarz<\/p>\n<p>Angegebener Preis gilt f\u00fcr Abholungen 72555 Metzingen. Gerne senden wir Ihnen ein Preisangebot inclusive Lieferkosten. Daf\u00fcr br\u00e4chten wir Ihren genauen Lieferort mit Postleitzahl.<\/p>\n<p>&nbsp;<\/p>\n","protected":false},"featured_media":2067,"comment_status":"open","ping_status":"closed","template":"","meta":{"_coblocks_attr":"","_coblocks_dimensions":"","_coblocks_responsive_height":"","_coblocks_accordion_ie_support":""},"product_cat":[51,54],"product_tag":[],"class_list":{"0":"post-1208","1":"product","2":"type-product","3":"status-publish","4":"has-post-thumbnail","6":"product_cat-alle-produkte","7":"product_cat-esstische-und-stuehle","9":"first","10":"instock","11":"sale","12":"taxable","13":"shipping-taxable","14":"purchasable","15":"product-type-simple"},"jetpack_sharing_enabled":true,"_links":{"self":[{"href":"https:\/\/freistil-rolf-benz.de\/index.php?rest_route=\/wp\/v2\/product\/1208"}],"collection":[{"href":"https:\/\/freistil-rolf-benz.de\/index.php?rest_route=\/wp\/v2\/product"}],"about":[{"href":"https:\/\/freistil-rolf-benz.de\/index.php?rest_route=\/wp\/v2\/types\/product"}],"replies":[{"embeddable":true,"href":"https:\/\/freistil-rolf-benz.de\/index.php?rest_route=%2Fwp%2Fv2%2Fcomments&post=1208"}],"wp:featuredmedia":[{"embeddable":true,"href":"https:\/\/freistil-rolf-benz.de\/index.php?rest_route=\/wp\/v2\/media\/2067"}],"wp:attachment":[{"href":"https:\/\/freistil-rolf-benz.de\/index.php?rest_route=%2Fwp%2Fv2%2Fmedia&parent=1208"}],"wp:term":[{"taxonomy":"product_cat","embeddable":true,"href":"https:\/\/freistil-rolf-benz.de\/index.php?rest_route=%2Fwp%2Fv2%2Fproduct_cat&post=1208"},{"taxonomy":"product_tag","embeddable":true,"href":"https:\/\/freistil-rolf-benz.de\/index.php?rest_route=%2Fwp%2Fv2%2Fproduct_tag&post=1208"}],"curies":[{"name":"wp","href":"https:\/\/api.w.org\/{rel}","templated":true}]}}