{"id":1944,"date":"2022-03-17T12:57:37","date_gmt":"2022-03-17T12:57:37","guid":{"rendered":"https:\/\/freistil-rolf-benz.de\/?post_type=product&#038;p=1944"},"modified":"2026-02-04T11:49:29","modified_gmt":"2026-02-04T11:49:29","slug":"freistil-138-leder-sessel-von-rolf-benz","status":"publish","type":"product","link":"https:\/\/freistil-rolf-benz.de\/?product=freistil-138-leder-sessel-von-rolf-benz","title":{"rendered":"freistil 138 Leder-Sessel von Rolf Benz"},"content":{"rendered":"","protected":false},"excerpt":{"rendered":"<p><strong>Neues Freistil 138<\/strong> (Ausstellungsst\u00fcck) Leder Sessel von Rolf Benz, sofort verf\u00fcgbar.<\/p>\n<p>Breite: 76cm<\/p>\n<p>Tiefe: 84cm<\/p>\n<p>Sitztiefe: 54cm<\/p>\n<p>Gesamth\u00f6he: 80,5cm<\/p>\n<p>Angegebener Preis gilt f\u00fcr Abholungen 72555 Metzingen. Gerne senden wir Ihnen ein Preisangebot inclusive Lieferkosten. Daf\u00fcr br\u00e4chten wir Ihren genauen Lieferort mit Postleitzahl.<\/p>\n","protected":false},"featured_media":1946,"comment_status":"open","ping_status":"closed","template":"","meta":{"_coblocks_attr":"","_coblocks_dimensions":"","_coblocks_responsive_height":"","_coblocks_accordion_ie_support":""},"product_cat":[51,53,52],"product_tag":[],"class_list":{"0":"post-1944","1":"product","2":"type-product","3":"status-publish","4":"has-post-thumbnail","6":"product_cat-alle-produkte","7":"product_cat-couchtische-und-sessel","8":"product_cat-jetzt-ausgestellt","10":"first","11":"instock","12":"sale","13":"taxable","14":"shipping-taxable","15":"purchasable","16":"product-type-simple"},"jetpack_sharing_enabled":true,"_links":{"self":[{"href":"https:\/\/freistil-rolf-benz.de\/index.php?rest_route=\/wp\/v2\/product\/1944"}],"collection":[{"href":"https:\/\/freistil-rolf-benz.de\/index.php?rest_route=\/wp\/v2\/product"}],"about":[{"href":"https:\/\/freistil-rolf-benz.de\/index.php?rest_route=\/wp\/v2\/types\/product"}],"replies":[{"embeddable":true,"href":"https:\/\/freistil-rolf-benz.de\/index.php?rest_route=%2Fwp%2Fv2%2Fcomments&post=1944"}],"wp:featuredmedia":[{"embeddable":true,"href":"https:\/\/freistil-rolf-benz.de\/index.php?rest_route=\/wp\/v2\/media\/1946"}],"wp:attachment":[{"href":"https:\/\/freistil-rolf-benz.de\/index.php?rest_route=%2Fwp%2Fv2%2Fmedia&parent=1944"}],"wp:term":[{"taxonomy":"product_cat","embeddable":true,"href":"https:\/\/freistil-rolf-benz.de\/index.php?rest_route=%2Fwp%2Fv2%2Fproduct_cat&post=1944"},{"taxonomy":"product_tag","embeddable":true,"href":"https:\/\/freistil-rolf-benz.de\/index.php?rest_route=%2Fwp%2Fv2%2Fproduct_tag&post=1944"}],"curies":[{"name":"wp","href":"https:\/\/api.w.org\/{rel}","templated":true}]}}