{"id":2087,"date":"2022-07-06T10:14:39","date_gmt":"2022-07-06T10:14:39","guid":{"rendered":"https:\/\/freistil-rolf-benz.de\/?post_type=product&#038;p=2087"},"modified":"2026-02-04T11:49:29","modified_gmt":"2026-02-04T11:49:29","slug":"freistil-182-neuer-couchtisch-ausstellungsstueck-von-rolf-benz-von-rolf-benz","status":"publish","type":"product","link":"https:\/\/freistil-rolf-benz.de\/?product=freistil-182-neuer-couchtisch-ausstellungsstueck-von-rolf-benz-von-rolf-benz","title":{"rendered":"freistil 182 Couchtisch von Rolf Benz"},"content":{"rendered":"<p>Link zum QR-Code damit Sie das Sofa in 3D anschauen und als VR ( virtuelle Realit\u00e4t ) in Ihr Zimmer stellen k\u00f6nnen.<\/p>\n<p><a href=\"https:\/\/www.roomle.com\/t\/cp\/ar.html?id=freistil%3A182_0001829000%3AA70C6C51B0DBC1DFFBF7BF9609AC6CC40AD7A30E3599B3B311D9F75DB2A61E13&amp;configuratorId=freistil\">https:\/\/www.roomle.com\/t\/cp\/ar.html?id=freistil%3A182_0001829000%3AA70C6C51B0DBC1DFFBF7BF9609AC6CC40AD7A30E3599B3B311D9F75DB2A61E13&amp;configuratorId=freistil<\/a><\/p>\n","protected":false},"excerpt":{"rendered":"<p><strong>freistil 182 Couchtisch<\/strong>\u00a0 von Rolf Benz<\/p>\n<p>Breite: 80cm<\/p>\n<p>Tiefe: 80cm<\/p>\n<p>H\u00f6he: 36cm<\/p>\n<p>Stahldrahtgestell verschweisst: pulverbeschichtet; tiefschwarz<\/p>\n<p>Tischplatte: Flachglas Parsol; grau<\/p>\n<p>Angegebener Preis gilt f\u00fcr Abholungen 72555 Metzingen. Gerne senden wir Ihnen ein Preisangebot inclusive Lieferkosten. Daf\u00fcr br\u00e4chten wir Ihren genauen Lieferort mit Postleitzahl.<\/p>\n<p>&nbsp;<\/p>\n<p>&nbsp;<\/p>\n","protected":false},"featured_media":2094,"comment_status":"open","ping_status":"closed","template":"","meta":{"_coblocks_attr":"","_coblocks_dimensions":"","_coblocks_responsive_height":"","_coblocks_accordion_ie_support":""},"product_cat":[51,53,52],"product_tag":[],"class_list":{"0":"post-2087","1":"product","2":"type-product","3":"status-publish","4":"has-post-thumbnail","6":"product_cat-alle-produkte","7":"product_cat-couchtische-und-sessel","8":"product_cat-jetzt-ausgestellt","10":"first","11":"instock","12":"sale","13":"taxable","14":"shipping-taxable","15":"purchasable","16":"product-type-simple"},"jetpack_sharing_enabled":true,"_links":{"self":[{"href":"https:\/\/freistil-rolf-benz.de\/index.php?rest_route=\/wp\/v2\/product\/2087"}],"collection":[{"href":"https:\/\/freistil-rolf-benz.de\/index.php?rest_route=\/wp\/v2\/product"}],"about":[{"href":"https:\/\/freistil-rolf-benz.de\/index.php?rest_route=\/wp\/v2\/types\/product"}],"replies":[{"embeddable":true,"href":"https:\/\/freistil-rolf-benz.de\/index.php?rest_route=%2Fwp%2Fv2%2Fcomments&post=2087"}],"wp:featuredmedia":[{"embeddable":true,"href":"https:\/\/freistil-rolf-benz.de\/index.php?rest_route=\/wp\/v2\/media\/2094"}],"wp:attachment":[{"href":"https:\/\/freistil-rolf-benz.de\/index.php?rest_route=%2Fwp%2Fv2%2Fmedia&parent=2087"}],"wp:term":[{"taxonomy":"product_cat","embeddable":true,"href":"https:\/\/freistil-rolf-benz.de\/index.php?rest_route=%2Fwp%2Fv2%2Fproduct_cat&post=2087"},{"taxonomy":"product_tag","embeddable":true,"href":"https:\/\/freistil-rolf-benz.de\/index.php?rest_route=%2Fwp%2Fv2%2Fproduct_tag&post=2087"}],"curies":[{"name":"wp","href":"https:\/\/api.w.org\/{rel}","templated":true}]}}