{"id":2278,"date":"2022-08-27T09:47:43","date_gmt":"2022-08-27T09:47:43","guid":{"rendered":"https:\/\/freistil-rolf-benz.de\/?post_type=product&#038;p=2278"},"modified":"2026-02-04T11:49:29","modified_gmt":"2026-02-04T11:49:29","slug":"freistil-133-sofabank-mit-polsterbank-von-rolf-benz-austellungsstueck","status":"publish","type":"product","link":"https:\/\/freistil-rolf-benz.de\/?product=freistil-133-sofabank-mit-polsterbank-von-rolf-benz-austellungsstueck","title":{"rendered":"freistil 145 Hocker von Rolf Benz"},"content":{"rendered":"","protected":false},"excerpt":{"rendered":"<p><strong>Neues Freistil 145 Hocker <\/strong>von Rolf Benz, sofort verf\u00fcgbar.<\/p>\n<p>Breite:60cm<\/p>\n<p>Tiefe: 48cm<\/p>\n<p>H\u00f6he:44cm<\/p>\n<p><strong>Kreuzfu\u00df <\/strong>( nicht drehbar ) : Tiefschwarz<\/p>\n<p>Angegebener Preis gilt f\u00fcr Abholungen 72555 Metzingen. Gerne senden wir Ihnen ein Preisangebot inclusive Lieferkosten. Daf\u00fcr br\u00e4chten wir Ihren genauen Lieferort mit Postleitzahl.<\/p>\n<p>&nbsp;<\/p>\n<p>&nbsp;<\/p>\n","protected":false},"featured_media":2563,"comment_status":"open","ping_status":"closed","template":"","meta":{"_coblocks_attr":"","_coblocks_dimensions":"","_coblocks_responsive_height":"","_coblocks_accordion_ie_support":""},"product_cat":[51,53,52],"product_tag":[],"class_list":{"0":"post-2278","1":"product","2":"type-product","3":"status-publish","4":"has-post-thumbnail","6":"product_cat-alle-produkte","7":"product_cat-couchtische-und-sessel","8":"product_cat-jetzt-ausgestellt","10":"first","11":"instock","12":"sale","13":"taxable","14":"shipping-taxable","15":"purchasable","16":"product-type-simple"},"jetpack_sharing_enabled":true,"_links":{"self":[{"href":"https:\/\/freistil-rolf-benz.de\/index.php?rest_route=\/wp\/v2\/product\/2278"}],"collection":[{"href":"https:\/\/freistil-rolf-benz.de\/index.php?rest_route=\/wp\/v2\/product"}],"about":[{"href":"https:\/\/freistil-rolf-benz.de\/index.php?rest_route=\/wp\/v2\/types\/product"}],"replies":[{"embeddable":true,"href":"https:\/\/freistil-rolf-benz.de\/index.php?rest_route=%2Fwp%2Fv2%2Fcomments&post=2278"}],"wp:featuredmedia":[{"embeddable":true,"href":"https:\/\/freistil-rolf-benz.de\/index.php?rest_route=\/wp\/v2\/media\/2563"}],"wp:attachment":[{"href":"https:\/\/freistil-rolf-benz.de\/index.php?rest_route=%2Fwp%2Fv2%2Fmedia&parent=2278"}],"wp:term":[{"taxonomy":"product_cat","embeddable":true,"href":"https:\/\/freistil-rolf-benz.de\/index.php?rest_route=%2Fwp%2Fv2%2Fproduct_cat&post=2278"},{"taxonomy":"product_tag","embeddable":true,"href":"https:\/\/freistil-rolf-benz.de\/index.php?rest_route=%2Fwp%2Fv2%2Fproduct_tag&post=2278"}],"curies":[{"name":"wp","href":"https:\/\/api.w.org\/{rel}","templated":true}]}}