{"id":2514,"date":"2023-10-04T11:35:55","date_gmt":"2023-10-04T11:35:55","guid":{"rendered":"https:\/\/freistil-rolf-benz.de\/?post_type=product&#038;p=2514"},"modified":"2025-10-09T10:49:10","modified_gmt":"2025-10-09T10:49:10","slug":"freistil-170-sofa-von-rolf-benz-austellungsstueck-neu-eingetroffen","status":"publish","type":"product","link":"https:\/\/freistil-rolf-benz.de\/?product=freistil-170-sofa-von-rolf-benz-austellungsstueck-neu-eingetroffen","title":{"rendered":"freistil 170 Sofa  von Rolf Benz sofort verf\u00fcgbar"},"content":{"rendered":"","protected":false},"excerpt":{"rendered":"<p><strong>Neues Freistil 170<\/strong><\/p>\n<p>Gesamtl\u00e4nge: 266 cm<\/p>\n<p>Tiefe: 212,5 cm<\/p>\n<p>H\u00f6he: 84,5 cm<\/p>\n<p>SH: 43cm<\/p>\n<p>Sitzkomfort: Lounge<\/p>\n<p><strong>Rundrohrfu\u00df<\/strong>: Tiefschwarz<\/p>\n<p><strong>+Kopfst\u00fctze<\/strong><\/p>\n<p>Bezugsstoff: 6465 Platingrau<\/p>\n<p>Angegebener Preis gilt f\u00fcr Abholungen 72555 Metzingen. Gerne senden wir Ihnen ein Preisangebot inclusive Lieferkosten. Daf\u00fcr br\u00e4chten wir Ihren genauen Lieferort mit Postleitzahl.<\/p>\n<p>&nbsp;<\/p>\n<p>&nbsp;<\/p>\n","protected":false},"featured_media":2517,"comment_status":"open","ping_status":"closed","template":"","meta":{"_coblocks_attr":"","_coblocks_dimensions":"","_coblocks_responsive_height":"","_coblocks_accordion_ie_support":""},"product_cat":[51,55,52],"product_tag":[],"class_list":{"0":"post-2514","1":"product","2":"type-product","3":"status-publish","4":"has-post-thumbnail","6":"product_cat-alle-produkte","7":"product_cat-freistil-sofas","8":"product_cat-jetzt-ausgestellt","10":"first","11":"instock","12":"sale","13":"taxable","14":"shipping-taxable","15":"purchasable","16":"product-type-simple"},"jetpack_sharing_enabled":true,"_links":{"self":[{"href":"https:\/\/freistil-rolf-benz.de\/index.php?rest_route=\/wp\/v2\/product\/2514"}],"collection":[{"href":"https:\/\/freistil-rolf-benz.de\/index.php?rest_route=\/wp\/v2\/product"}],"about":[{"href":"https:\/\/freistil-rolf-benz.de\/index.php?rest_route=\/wp\/v2\/types\/product"}],"replies":[{"embeddable":true,"href":"https:\/\/freistil-rolf-benz.de\/index.php?rest_route=%2Fwp%2Fv2%2Fcomments&post=2514"}],"wp:featuredmedia":[{"embeddable":true,"href":"https:\/\/freistil-rolf-benz.de\/index.php?rest_route=\/wp\/v2\/media\/2517"}],"wp:attachment":[{"href":"https:\/\/freistil-rolf-benz.de\/index.php?rest_route=%2Fwp%2Fv2%2Fmedia&parent=2514"}],"wp:term":[{"taxonomy":"product_cat","embeddable":true,"href":"https:\/\/freistil-rolf-benz.de\/index.php?rest_route=%2Fwp%2Fv2%2Fproduct_cat&post=2514"},{"taxonomy":"product_tag","embeddable":true,"href":"https:\/\/freistil-rolf-benz.de\/index.php?rest_route=%2Fwp%2Fv2%2Fproduct_tag&post=2514"}],"curies":[{"name":"wp","href":"https:\/\/api.w.org\/{rel}","templated":true}]}}