{"id":2529,"date":"2023-10-06T08:55:35","date_gmt":"2023-10-06T08:55:35","guid":{"rendered":"https:\/\/freistil-rolf-benz.de\/?post_type=product&#038;p=2529"},"modified":"2025-10-09T10:47:26","modified_gmt":"2025-10-09T10:47:26","slug":"freistil-160-polsterbank-von-rolf-benz-neu-eingetroffen","status":"publish","type":"product","link":"https:\/\/freistil-rolf-benz.de\/?product=freistil-160-polsterbank-von-rolf-benz-neu-eingetroffen","title":{"rendered":"freistil 160 Polsterbank von Rolf Benz (Ausstellungsst\u00fcck)"},"content":{"rendered":"<p>&nbsp;<\/p>\n<p>&nbsp;<\/p>\n","protected":false},"excerpt":{"rendered":"<p><strong>Neues Freistil 160<\/strong>\u00a0 Polsterbank von Rolf Benz<\/p>\n<p><strong>Stahl &#8211; Kuve- Quadratrohr<\/strong>: Tiefschwarz<\/p>\n<p><strong>Polsterbank: <\/strong>97x85cm<\/p>\n<p><strong>Sitzh\u00f6he<\/strong>: 40 cm<\/p>\n<p>Bezugsstoff: 3043 Bastaltgrau<\/p>\n<p>Angegebener Preis gilt f\u00fcr Abholungen 72555 Metzingen. Gerne senden wir Ihnen ein Preisangebot inclusive Lieferkosten. Daf\u00fcr br\u00e4chten wir Ihren genauen Lieferort mit Postleitzahl.<\/p>\n<p>&nbsp;<\/p>\n","protected":false},"featured_media":2534,"comment_status":"open","ping_status":"closed","template":"","meta":{"_coblocks_attr":"","_coblocks_dimensions":"","_coblocks_responsive_height":"","_coblocks_accordion_ie_support":""},"product_cat":[51,55,52],"product_tag":[],"class_list":{"0":"post-2529","1":"product","2":"type-product","3":"status-publish","4":"has-post-thumbnail","6":"product_cat-alle-produkte","7":"product_cat-freistil-sofas","8":"product_cat-jetzt-ausgestellt","10":"first","11":"instock","12":"sale","13":"taxable","14":"shipping-taxable","15":"purchasable","16":"product-type-simple"},"jetpack_sharing_enabled":true,"_links":{"self":[{"href":"https:\/\/freistil-rolf-benz.de\/index.php?rest_route=\/wp\/v2\/product\/2529"}],"collection":[{"href":"https:\/\/freistil-rolf-benz.de\/index.php?rest_route=\/wp\/v2\/product"}],"about":[{"href":"https:\/\/freistil-rolf-benz.de\/index.php?rest_route=\/wp\/v2\/types\/product"}],"replies":[{"embeddable":true,"href":"https:\/\/freistil-rolf-benz.de\/index.php?rest_route=%2Fwp%2Fv2%2Fcomments&post=2529"}],"wp:featuredmedia":[{"embeddable":true,"href":"https:\/\/freistil-rolf-benz.de\/index.php?rest_route=\/wp\/v2\/media\/2534"}],"wp:attachment":[{"href":"https:\/\/freistil-rolf-benz.de\/index.php?rest_route=%2Fwp%2Fv2%2Fmedia&parent=2529"}],"wp:term":[{"taxonomy":"product_cat","embeddable":true,"href":"https:\/\/freistil-rolf-benz.de\/index.php?rest_route=%2Fwp%2Fv2%2Fproduct_cat&post=2529"},{"taxonomy":"product_tag","embeddable":true,"href":"https:\/\/freistil-rolf-benz.de\/index.php?rest_route=%2Fwp%2Fv2%2Fproduct_tag&post=2529"}],"curies":[{"name":"wp","href":"https:\/\/api.w.org\/{rel}","templated":true}]}}