{"id":2541,"date":"2023-10-06T09:57:41","date_gmt":"2023-10-06T09:57:41","guid":{"rendered":"https:\/\/freistil-rolf-benz.de\/?post_type=product&#038;p=2541"},"modified":"2026-02-04T11:49:28","modified_gmt":"2026-02-04T11:49:28","slug":"freistil-170-sessel-von-rolf-benz-austellungsstueck-neu-eingetroffen","status":"publish","type":"product","link":"https:\/\/freistil-rolf-benz.de\/?product=freistil-170-sessel-von-rolf-benz-austellungsstueck-neu-eingetroffen","title":{"rendered":"freistil 170 Sessel  von Rolf Benz (Austellungsst\u00fcck)"},"content":{"rendered":"","protected":false},"excerpt":{"rendered":"<p><strong>Neues Freistil 170<\/strong> (Ausstellungsst\u00fcck) \u00a0Sofa von Rolf Benz.<\/p>\n<p>B:83cm<\/p>\n<p>T: 94,5<\/p>\n<p>H: 83,2<\/p>\n<p>SH: 46cm<\/p>\n<p>ST: 56cm<\/p>\n<p><strong>Sitzkompfort<\/strong>: Classic<\/p>\n<p><strong>Rundrohrfu\u00df<\/strong>: Tiefschwarz<\/p>\n<p><strong>Bezugsstoff<\/strong>: 6465 Platingrau<\/p>\n<p>Angegebener Preis gilt f\u00fcr Abholungen 72555 Metzingen. Gerne senden wir Ihnen ein Preisangebot inclusive Lieferkosten. Daf\u00fcr br\u00e4chten wir Ihren genauen Lieferort mit Postleitzahl.<\/p>\n<p>&nbsp;<\/p>\n<p><strong>\u00a0<\/strong><\/p>\n<p>&nbsp;<\/p>\n<p>&nbsp;<\/p>\n<p>&nbsp;<\/p>\n","protected":false},"featured_media":2543,"comment_status":"open","ping_status":"closed","template":"","meta":{"_coblocks_attr":"","_coblocks_dimensions":"","_coblocks_responsive_height":"","_coblocks_accordion_ie_support":""},"product_cat":[51,53,52],"product_tag":[],"class_list":{"0":"post-2541","1":"product","2":"type-product","3":"status-publish","4":"has-post-thumbnail","6":"product_cat-alle-produkte","7":"product_cat-couchtische-und-sessel","8":"product_cat-jetzt-ausgestellt","10":"first","11":"instock","12":"sale","13":"taxable","14":"shipping-taxable","15":"purchasable","16":"product-type-simple"},"jetpack_sharing_enabled":true,"_links":{"self":[{"href":"https:\/\/freistil-rolf-benz.de\/index.php?rest_route=\/wp\/v2\/product\/2541"}],"collection":[{"href":"https:\/\/freistil-rolf-benz.de\/index.php?rest_route=\/wp\/v2\/product"}],"about":[{"href":"https:\/\/freistil-rolf-benz.de\/index.php?rest_route=\/wp\/v2\/types\/product"}],"replies":[{"embeddable":true,"href":"https:\/\/freistil-rolf-benz.de\/index.php?rest_route=%2Fwp%2Fv2%2Fcomments&post=2541"}],"wp:featuredmedia":[{"embeddable":true,"href":"https:\/\/freistil-rolf-benz.de\/index.php?rest_route=\/wp\/v2\/media\/2543"}],"wp:attachment":[{"href":"https:\/\/freistil-rolf-benz.de\/index.php?rest_route=%2Fwp%2Fv2%2Fmedia&parent=2541"}],"wp:term":[{"taxonomy":"product_cat","embeddable":true,"href":"https:\/\/freistil-rolf-benz.de\/index.php?rest_route=%2Fwp%2Fv2%2Fproduct_cat&post=2541"},{"taxonomy":"product_tag","embeddable":true,"href":"https:\/\/freistil-rolf-benz.de\/index.php?rest_route=%2Fwp%2Fv2%2Fproduct_tag&post=2541"}],"curies":[{"name":"wp","href":"https:\/\/api.w.org\/{rel}","templated":true}]}}