{"id":2820,"date":"2025-06-07T10:44:52","date_gmt":"2025-06-07T10:44:52","guid":{"rendered":"https:\/\/freistil-rolf-benz.de\/?post_type=product&#038;p=2820"},"modified":"2026-02-04T11:49:28","modified_gmt":"2026-02-04T11:49:28","slug":"freistil-182-neuer-couchtisch-von-rolf-benz-ausstellungsstueck-sofort-verfuegbar","status":"publish","type":"product","link":"https:\/\/freistil-rolf-benz.de\/?product=freistil-182-neuer-couchtisch-von-rolf-benz-ausstellungsstueck-sofort-verfuegbar","title":{"rendered":"freistil 182 neuer Couchtisch von Rolf Benz (Ausstellungsst\u00fcck) sofort verf\u00fcgbar"},"content":{"rendered":"","protected":false},"excerpt":{"rendered":"<p><strong>freistil 182 neuer Couchtisch<\/strong> (Ausstellungsst\u00fcck) von Rolf Benz, sofort verf\u00fcgbar.<\/p>\n<p>105x25cm<br \/>\nH: 42cm<\/p>\n<p>Tischplatte: Optiwhiteglas satiniert<\/p>\n<p>Gestell: Stahldrahtgestell feinstruktur Tiefschwarz<\/p>\n<p>Angegebener Preis gilt f\u00fcr Abholungen 72555 Metzingen. Gerne senden wir Ihnen ein Preisangebot inclusive Lieferkosten. Daf\u00fcr br\u00e4chten wir Ihren genauen Lieferort mit Postleitzahl.<\/p>\n<p>&nbsp;<\/p>\n","protected":false},"featured_media":2836,"comment_status":"open","ping_status":"closed","template":"","meta":{"_coblocks_attr":"","_coblocks_dimensions":"","_coblocks_responsive_height":"","_coblocks_accordion_ie_support":""},"product_cat":[51,53,52],"product_tag":[],"class_list":{"0":"post-2820","1":"product","2":"type-product","3":"status-publish","4":"has-post-thumbnail","6":"product_cat-alle-produkte","7":"product_cat-couchtische-und-sessel","8":"product_cat-jetzt-ausgestellt","10":"first","11":"instock","12":"sale","13":"taxable","14":"shipping-taxable","15":"purchasable","16":"product-type-simple"},"jetpack_sharing_enabled":true,"_links":{"self":[{"href":"https:\/\/freistil-rolf-benz.de\/index.php?rest_route=\/wp\/v2\/product\/2820"}],"collection":[{"href":"https:\/\/freistil-rolf-benz.de\/index.php?rest_route=\/wp\/v2\/product"}],"about":[{"href":"https:\/\/freistil-rolf-benz.de\/index.php?rest_route=\/wp\/v2\/types\/product"}],"replies":[{"embeddable":true,"href":"https:\/\/freistil-rolf-benz.de\/index.php?rest_route=%2Fwp%2Fv2%2Fcomments&post=2820"}],"wp:featuredmedia":[{"embeddable":true,"href":"https:\/\/freistil-rolf-benz.de\/index.php?rest_route=\/wp\/v2\/media\/2836"}],"wp:attachment":[{"href":"https:\/\/freistil-rolf-benz.de\/index.php?rest_route=%2Fwp%2Fv2%2Fmedia&parent=2820"}],"wp:term":[{"taxonomy":"product_cat","embeddable":true,"href":"https:\/\/freistil-rolf-benz.de\/index.php?rest_route=%2Fwp%2Fv2%2Fproduct_cat&post=2820"},{"taxonomy":"product_tag","embeddable":true,"href":"https:\/\/freistil-rolf-benz.de\/index.php?rest_route=%2Fwp%2Fv2%2Fproduct_tag&post=2820"}],"curies":[{"name":"wp","href":"https:\/\/api.w.org\/{rel}","templated":true}]}}