{"id":2837,"date":"2025-06-07T11:12:10","date_gmt":"2025-06-07T11:12:10","guid":{"rendered":"https:\/\/freistil-rolf-benz.de\/?post_type=product&#038;p=2837"},"modified":"2026-02-04T11:49:27","modified_gmt":"2026-02-04T11:49:27","slug":"freistil-181-200-101-couchtisch-ausstellungsstueck-von-rolf-benz-kopie","status":"publish","type":"product","link":"https:\/\/freistil-rolf-benz.de\/?product=freistil-181-200-101-couchtisch-ausstellungsstueck-von-rolf-benz-kopie","title":{"rendered":"freistil 181-122\/223 Couchtisch (Ausstellungsst\u00fcck) von Rolf Benz."},"content":{"rendered":"","protected":false},"excerpt":{"rendered":"<p><strong>freistil 181-122\/223 Couchtisch<\/strong> (Ausstellungsst\u00fcck) von Rolf Benz.<\/p>\n<p>Abverkauf aus unserer Ausstellung in Metzingen.<\/p>\n<p>50x50cm<br \/>\nH: 50cm<\/p>\n<p>Tischplatte: Holzwerkstoff mit Keramik beschichtet, Betonlook<\/p>\n<p>Gestell: Stahldraht, Pulverbeschichtet, tiefschwarz<\/p>\n<p>Angegebener Preis gilt f\u00fcr Abholungen 72555 Metzingen. Gerne senden wir Ihnen ein Preisangebot inclusive Lieferkosten. Daf\u00fcr br\u00e4chten wir Ihren genauen Lieferort mit Postleitzahl.<\/p>\n<p>&nbsp;<\/p>\n<p>&nbsp;<\/p>\n<p>&nbsp;<\/p>\n","protected":false},"featured_media":2839,"comment_status":"open","ping_status":"closed","template":"","meta":{"_coblocks_attr":"","_coblocks_dimensions":"","_coblocks_responsive_height":"","_coblocks_accordion_ie_support":""},"product_cat":[51,53,52],"product_tag":[],"class_list":{"0":"post-2837","1":"product","2":"type-product","3":"status-publish","4":"has-post-thumbnail","6":"product_cat-alle-produkte","7":"product_cat-couchtische-und-sessel","8":"product_cat-jetzt-ausgestellt","10":"first","11":"instock","12":"sale","13":"taxable","14":"shipping-taxable","15":"purchasable","16":"product-type-simple"},"jetpack_sharing_enabled":true,"_links":{"self":[{"href":"https:\/\/freistil-rolf-benz.de\/index.php?rest_route=\/wp\/v2\/product\/2837"}],"collection":[{"href":"https:\/\/freistil-rolf-benz.de\/index.php?rest_route=\/wp\/v2\/product"}],"about":[{"href":"https:\/\/freistil-rolf-benz.de\/index.php?rest_route=\/wp\/v2\/types\/product"}],"replies":[{"embeddable":true,"href":"https:\/\/freistil-rolf-benz.de\/index.php?rest_route=%2Fwp%2Fv2%2Fcomments&post=2837"}],"wp:featuredmedia":[{"embeddable":true,"href":"https:\/\/freistil-rolf-benz.de\/index.php?rest_route=\/wp\/v2\/media\/2839"}],"wp:attachment":[{"href":"https:\/\/freistil-rolf-benz.de\/index.php?rest_route=%2Fwp%2Fv2%2Fmedia&parent=2837"}],"wp:term":[{"taxonomy":"product_cat","embeddable":true,"href":"https:\/\/freistil-rolf-benz.de\/index.php?rest_route=%2Fwp%2Fv2%2Fproduct_cat&post=2837"},{"taxonomy":"product_tag","embeddable":true,"href":"https:\/\/freistil-rolf-benz.de\/index.php?rest_route=%2Fwp%2Fv2%2Fproduct_tag&post=2837"}],"curies":[{"name":"wp","href":"https:\/\/api.w.org\/{rel}","templated":true}]}}