{"id":2859,"date":"2025-06-12T11:08:47","date_gmt":"2025-06-12T11:08:47","guid":{"rendered":"https:\/\/freistil-rolf-benz.de\/?post_type=product&#038;p=2859"},"modified":"2026-02-04T11:49:27","modified_gmt":"2026-02-04T11:49:27","slug":"freistil-151-314-couchtisch-ausstellungsstueck-von-rolf-benz","status":"publish","type":"product","link":"https:\/\/freistil-rolf-benz.de\/?product=freistil-151-314-couchtisch-ausstellungsstueck-von-rolf-benz","title":{"rendered":"freistil 151\/314 Couchtisch (Ausstellungsst\u00fcck) von Rolf Benz."},"content":{"rendered":"<p>Link zum QR-Code damit Sie das Sofa in 3D anschauen und als VR ( virtuelle Realit\u00e4t ) in Ihr Zimmer stellen k\u00f6nnen.<\/p>\n<p><a href=\"https:\/\/www.roomle.com\/t\/cp\/ar.html?id=freistil%3A151_151couchtisch%3A641236EE35540752C5323F22B9063CEF50F05963AB8CF3AFEB4E0A5E26E56BD2&amp;configuratorId=freistil\">https:\/\/www.roomle.com\/t\/cp\/ar.html?id=freistil%3A151_151couchtisch%3A641236EE35540752C5323F22B9063CEF50F05963AB8CF3AFEB4E0A5E26E56BD2&amp;configuratorId=freistil<\/a><\/p>\n","protected":false},"excerpt":{"rendered":"<p><strong>freistil 151\/314 Couchtisch<\/strong> (Ausstellungsst\u00fcck) von Rolf Benz.<\/p>\n<p>Abverkauf aus unserer Ausstellung in Metzingen.<\/p>\n<p>\u00d8 53cm<\/p>\n<p>H\u00f6he: 39cm<\/p>\n<p>Stahldrahtgestell: pulverbeschichtet; Tiefschwarz<\/p>\n<p>Tischplatte: Eiche massiv braun gebeizt<\/p>\n<p>Angegebener Preis gilt f\u00fcr Abholungen 72555 Metzingen. Gerne senden wir Ihnen ein Preisangebot inclusive Lieferkosten. Daf\u00fcr br\u00e4chten wir Ihren genauen Lieferort mit Postleitzahl.<\/p>\n<p>&nbsp;<\/p>\n<p>&nbsp;<\/p>\n","protected":false},"featured_media":2866,"comment_status":"open","ping_status":"closed","template":"","meta":{"_coblocks_attr":"","_coblocks_dimensions":"","_coblocks_responsive_height":"","_coblocks_accordion_ie_support":""},"product_cat":[51,53,52],"product_tag":[],"class_list":{"0":"post-2859","1":"product","2":"type-product","3":"status-publish","4":"has-post-thumbnail","6":"product_cat-alle-produkte","7":"product_cat-couchtische-und-sessel","8":"product_cat-jetzt-ausgestellt","10":"first","11":"instock","12":"sale","13":"taxable","14":"shipping-taxable","15":"purchasable","16":"product-type-simple"},"jetpack_sharing_enabled":true,"_links":{"self":[{"href":"https:\/\/freistil-rolf-benz.de\/index.php?rest_route=\/wp\/v2\/product\/2859"}],"collection":[{"href":"https:\/\/freistil-rolf-benz.de\/index.php?rest_route=\/wp\/v2\/product"}],"about":[{"href":"https:\/\/freistil-rolf-benz.de\/index.php?rest_route=\/wp\/v2\/types\/product"}],"replies":[{"embeddable":true,"href":"https:\/\/freistil-rolf-benz.de\/index.php?rest_route=%2Fwp%2Fv2%2Fcomments&post=2859"}],"wp:featuredmedia":[{"embeddable":true,"href":"https:\/\/freistil-rolf-benz.de\/index.php?rest_route=\/wp\/v2\/media\/2866"}],"wp:attachment":[{"href":"https:\/\/freistil-rolf-benz.de\/index.php?rest_route=%2Fwp%2Fv2%2Fmedia&parent=2859"}],"wp:term":[{"taxonomy":"product_cat","embeddable":true,"href":"https:\/\/freistil-rolf-benz.de\/index.php?rest_route=%2Fwp%2Fv2%2Fproduct_cat&post=2859"},{"taxonomy":"product_tag","embeddable":true,"href":"https:\/\/freistil-rolf-benz.de\/index.php?rest_route=%2Fwp%2Fv2%2Fproduct_tag&post=2859"}],"curies":[{"name":"wp","href":"https:\/\/api.w.org\/{rel}","templated":true}]}}