{"id":2912,"date":"2025-09-05T11:33:45","date_gmt":"2025-09-05T11:33:45","guid":{"rendered":"https:\/\/freistil-rolf-benz.de\/?post_type=product&#038;p=2912"},"modified":"2026-04-20T11:25:06","modified_gmt":"2026-04-20T11:25:06","slug":"freistil-187-sofa-von-rolf-benz","status":"publish","type":"product","link":"https:\/\/freistil-rolf-benz.de\/?product=freistil-187-sofa-von-rolf-benz","title":{"rendered":"freistil 187 Sofa von Rolf Benz"},"content":{"rendered":"","protected":false},"excerpt":{"rendered":"<p><strong>Neues Freistil 187<\/strong> (Ausstellungsst\u00fcck) \u00a0Sofa von Rolf Benz<\/p>\n<p><strong>R\u00fcckenkissen:\u00a0<\/strong>\u00a02 St.<\/p>\n<p><strong>Sitztiefenregulierung <\/strong>1St<\/p>\n<p>Breite: 279cm<\/p>\n<p>L\u00e4nge:185<\/p>\n<p>H\u00f6he:94cm<\/p>\n<p>Bezugsstoff: 4603 cord naturgrau<\/p>\n<p>Kunstofffuss<\/p>\n<p>Angegebener Preis gilt f\u00fcr Abholungen 72555 Metzingen. Gerne senden wir Ihnen ein Preisangebot inclusive Lieferkosten. Daf\u00fcr br\u00e4chten wir Ihren genauen Lieferort mit Postleitzahl.<\/p>\n<p>&nbsp;<\/p>\n","protected":false},"featured_media":2913,"comment_status":"open","ping_status":"closed","template":"","meta":{"_coblocks_attr":"","_coblocks_dimensions":"","_coblocks_responsive_height":"","_coblocks_accordion_ie_support":""},"product_cat":[51,55,52],"product_tag":[],"class_list":{"0":"post-2912","1":"product","2":"type-product","3":"status-publish","4":"has-post-thumbnail","6":"product_cat-alle-produkte","7":"product_cat-freistil-sofas","8":"product_cat-jetzt-ausgestellt","10":"first","11":"instock","12":"sale","13":"taxable","14":"shipping-taxable","15":"purchasable","16":"product-type-simple"},"jetpack_sharing_enabled":true,"_links":{"self":[{"href":"https:\/\/freistil-rolf-benz.de\/index.php?rest_route=\/wp\/v2\/product\/2912"}],"collection":[{"href":"https:\/\/freistil-rolf-benz.de\/index.php?rest_route=\/wp\/v2\/product"}],"about":[{"href":"https:\/\/freistil-rolf-benz.de\/index.php?rest_route=\/wp\/v2\/types\/product"}],"replies":[{"embeddable":true,"href":"https:\/\/freistil-rolf-benz.de\/index.php?rest_route=%2Fwp%2Fv2%2Fcomments&post=2912"}],"wp:featuredmedia":[{"embeddable":true,"href":"https:\/\/freistil-rolf-benz.de\/index.php?rest_route=\/wp\/v2\/media\/2913"}],"wp:attachment":[{"href":"https:\/\/freistil-rolf-benz.de\/index.php?rest_route=%2Fwp%2Fv2%2Fmedia&parent=2912"}],"wp:term":[{"taxonomy":"product_cat","embeddable":true,"href":"https:\/\/freistil-rolf-benz.de\/index.php?rest_route=%2Fwp%2Fv2%2Fproduct_cat&post=2912"},{"taxonomy":"product_tag","embeddable":true,"href":"https:\/\/freistil-rolf-benz.de\/index.php?rest_route=%2Fwp%2Fv2%2Fproduct_tag&post=2912"}],"curies":[{"name":"wp","href":"https:\/\/api.w.org\/{rel}","templated":true}]}}