{"id":2915,"date":"2025-09-08T09:54:24","date_gmt":"2025-09-08T09:54:24","guid":{"rendered":"https:\/\/freistil-rolf-benz.de\/?post_type=product&#038;p=2915"},"modified":"2025-10-09T10:33:32","modified_gmt":"2025-10-09T10:33:32","slug":"freistil-123-sofa-mit-abziehbaren-bezuege-von-rolf-benz","status":"publish","type":"product","link":"https:\/\/freistil-rolf-benz.de\/?product=freistil-123-sofa-mit-abziehbaren-bezuege-von-rolf-benz","title":{"rendered":"freistil 123 Sofa mit abziehbaren Bez\u00fcge von Rolf Benz"},"content":{"rendered":"","protected":false},"excerpt":{"rendered":"<p><strong>Neues Freistil 123<\/strong>\u00a0Sofa von Rolf Benz<\/p>\n<p>Breite: 220cm<\/p>\n<p>Tiefe: 95<\/p>\n<p>H\u00f6he: 74<\/p>\n<p>Sitzh\u00f6he: 44 cm<\/p>\n<p>Sitztiefe: \u00dcbertief 70cm<\/p>\n<p><strong>Stahl-Rundrohr F\u00fc\u00dfe<\/strong><\/p>\n<p><strong>Wasch- und austauschbare Bez\u00fcge<\/strong><\/p>\n<p>Bezugsstoff: 2301 hellelfenbein<\/p>\n<p>Dekokissen sind im Preis nicht enthalten, diese k\u00f6nnen sofern verf\u00fcgbar gegen Aufpreis erworben werden. Dekokissen sind Kissen, die ein anderes Bezugsmaterial als das Sofa haben.<\/p>\n<p>Angegebener Preis gilt f\u00fcr Abholungen 72555 Metzingen. Gerne senden wir Ihnen ein Preisangebot inclusive Lieferkosten. Daf\u00fcr br\u00e4chten wir Ihren genauen Lieferort mit Postleitzahl.<\/p>\n<p>&nbsp;<\/p>\n<p>&nbsp;<\/p>\n","protected":false},"featured_media":2931,"comment_status":"open","ping_status":"closed","template":"","meta":{"_coblocks_attr":"","_coblocks_dimensions":"","_coblocks_responsive_height":"","_coblocks_accordion_ie_support":""},"product_cat":[51,55,52],"product_tag":[],"class_list":{"0":"post-2915","1":"product","2":"type-product","3":"status-publish","4":"has-post-thumbnail","6":"product_cat-alle-produkte","7":"product_cat-freistil-sofas","8":"product_cat-jetzt-ausgestellt","10":"first","11":"instock","12":"sale","13":"taxable","14":"shipping-taxable","15":"purchasable","16":"product-type-simple"},"jetpack_sharing_enabled":true,"_links":{"self":[{"href":"https:\/\/freistil-rolf-benz.de\/index.php?rest_route=\/wp\/v2\/product\/2915"}],"collection":[{"href":"https:\/\/freistil-rolf-benz.de\/index.php?rest_route=\/wp\/v2\/product"}],"about":[{"href":"https:\/\/freistil-rolf-benz.de\/index.php?rest_route=\/wp\/v2\/types\/product"}],"replies":[{"embeddable":true,"href":"https:\/\/freistil-rolf-benz.de\/index.php?rest_route=%2Fwp%2Fv2%2Fcomments&post=2915"}],"wp:featuredmedia":[{"embeddable":true,"href":"https:\/\/freistil-rolf-benz.de\/index.php?rest_route=\/wp\/v2\/media\/2931"}],"wp:attachment":[{"href":"https:\/\/freistil-rolf-benz.de\/index.php?rest_route=%2Fwp%2Fv2%2Fmedia&parent=2915"}],"wp:term":[{"taxonomy":"product_cat","embeddable":true,"href":"https:\/\/freistil-rolf-benz.de\/index.php?rest_route=%2Fwp%2Fv2%2Fproduct_cat&post=2915"},{"taxonomy":"product_tag","embeddable":true,"href":"https:\/\/freistil-rolf-benz.de\/index.php?rest_route=%2Fwp%2Fv2%2Fproduct_tag&post=2915"}],"curies":[{"name":"wp","href":"https:\/\/api.w.org\/{rel}","templated":true}]}}