{"id":3147,"date":"2026-02-20T10:21:08","date_gmt":"2026-02-20T10:21:08","guid":{"rendered":"https:\/\/freistil-rolf-benz.de\/?post_type=product&#038;p=3147"},"modified":"2026-02-20T10:28:31","modified_gmt":"2026-02-20T10:28:31","slug":"freistil-173-sessel-von-rolf-benz-2","status":"publish","type":"product","link":"https:\/\/freistil-rolf-benz.de\/?product=freistil-173-sessel-von-rolf-benz-2","title":{"rendered":"freistil 173 Sessel von Rolf Benz"},"content":{"rendered":"","protected":false},"excerpt":{"rendered":"<p>freistil 173 Sessel von Rolf Benz<\/p>\n<p>Bezugsstoff: 3050 hellelfenbein<\/p>\n<p>H: 75cm<\/p>\n<p>B: 76cm<\/p>\n<p>T: 82cm<\/p>\n<p>Sitzh\u00f6he: 40cm<\/p>\n<p>Sitztiefe: 56cm<\/p>\n<p>&nbsp;<\/p>\n<p>Angegebener Preis gilt f\u00fcr Abholungen 72555 Metzingen. Gerne senden wir Ihnen ein Preisangebot inclusive Lieferkosten. Daf\u00fcr br\u00e4chten wir Ihren genauen Lieferort mit Postleitzahl.<\/p>\n<p>&nbsp;<\/p>\n","protected":false},"featured_media":3148,"comment_status":"open","ping_status":"closed","template":"","meta":{"_coblocks_attr":"","_coblocks_dimensions":"","_coblocks_responsive_height":"","_coblocks_accordion_ie_support":""},"product_cat":[53,52],"product_tag":[],"class_list":{"0":"post-3147","1":"product","2":"type-product","3":"status-publish","4":"has-post-thumbnail","6":"product_cat-couchtische-und-sessel","7":"product_cat-jetzt-ausgestellt","9":"first","10":"instock","11":"sale","12":"taxable","13":"shipping-taxable","14":"purchasable","15":"product-type-simple"},"jetpack_sharing_enabled":true,"_links":{"self":[{"href":"https:\/\/freistil-rolf-benz.de\/index.php?rest_route=\/wp\/v2\/product\/3147"}],"collection":[{"href":"https:\/\/freistil-rolf-benz.de\/index.php?rest_route=\/wp\/v2\/product"}],"about":[{"href":"https:\/\/freistil-rolf-benz.de\/index.php?rest_route=\/wp\/v2\/types\/product"}],"replies":[{"embeddable":true,"href":"https:\/\/freistil-rolf-benz.de\/index.php?rest_route=%2Fwp%2Fv2%2Fcomments&post=3147"}],"wp:featuredmedia":[{"embeddable":true,"href":"https:\/\/freistil-rolf-benz.de\/index.php?rest_route=\/wp\/v2\/media\/3148"}],"wp:attachment":[{"href":"https:\/\/freistil-rolf-benz.de\/index.php?rest_route=%2Fwp%2Fv2%2Fmedia&parent=3147"}],"wp:term":[{"taxonomy":"product_cat","embeddable":true,"href":"https:\/\/freistil-rolf-benz.de\/index.php?rest_route=%2Fwp%2Fv2%2Fproduct_cat&post=3147"},{"taxonomy":"product_tag","embeddable":true,"href":"https:\/\/freistil-rolf-benz.de\/index.php?rest_route=%2Fwp%2Fv2%2Fproduct_tag&post=3147"}],"curies":[{"name":"wp","href":"https:\/\/api.w.org\/{rel}","templated":true}]}}