{"id":3184,"date":"2026-04-13T11:24:17","date_gmt":"2026-04-13T11:24:17","guid":{"rendered":"https:\/\/freistil-rolf-benz.de\/?post_type=product&#038;p=3184"},"modified":"2026-04-13T11:47:47","modified_gmt":"2026-04-13T11:47:47","slug":"freistil-136-sofa-von-rolf-benz","status":"publish","type":"product","link":"https:\/\/freistil-rolf-benz.de\/?product=freistil-136-sofa-von-rolf-benz","title":{"rendered":"freistil 136 Sofa von Rolf Benz"},"content":{"rendered":"","protected":false},"excerpt":{"rendered":"<p><strong>Preis gilt bei Abholung in Metzingen\u00a0<\/strong><\/p>\n<p><strong>Neues Freistil 136<\/strong> (Ausstellungsst\u00fcck) \u00a0Sofa von Rolf Benz<\/p>\n<p><strong>R\u00fcckenkissen:\u00a0<\/strong><\/p>\n<p>1 St. in 9241 dieckleder und<\/p>\n<p>1 St. in 6532 Stoffbezug<\/p>\n<p>Breite: 302cm<\/p>\n<p>L\u00e4nge:181<\/p>\n<p>H\u00f6he:69cm<\/p>\n<p>Bezugsstoff: 9241 Dickleder<\/p>\n<p>Massiver Stahlfu\u00df: Tiefschwarz<\/p>\n<p>Angegebener Preis gilt f\u00fcr Abholungen 72555 Metzingen. Gerne senden wir Ihnen ein Preisangebot inclusive Lieferkosten. Daf\u00fcr br\u00e4chten wir Ihren genauen Lieferort mit Postleitzahl.<\/p>\n<p>&nbsp;<\/p>\n","protected":false},"featured_media":3198,"comment_status":"open","ping_status":"closed","template":"","meta":{"_coblocks_attr":"","_coblocks_dimensions":"","_coblocks_responsive_height":"","_coblocks_accordion_ie_support":""},"product_cat":[51,55,52],"product_tag":[],"class_list":{"0":"post-3184","1":"product","2":"type-product","3":"status-publish","4":"has-post-thumbnail","6":"product_cat-alle-produkte","7":"product_cat-freistil-sofas","8":"product_cat-jetzt-ausgestellt","10":"first","11":"instock","12":"sale","13":"taxable","14":"shipping-taxable","15":"purchasable","16":"product-type-simple"},"jetpack_sharing_enabled":true,"_links":{"self":[{"href":"https:\/\/freistil-rolf-benz.de\/index.php?rest_route=\/wp\/v2\/product\/3184"}],"collection":[{"href":"https:\/\/freistil-rolf-benz.de\/index.php?rest_route=\/wp\/v2\/product"}],"about":[{"href":"https:\/\/freistil-rolf-benz.de\/index.php?rest_route=\/wp\/v2\/types\/product"}],"replies":[{"embeddable":true,"href":"https:\/\/freistil-rolf-benz.de\/index.php?rest_route=%2Fwp%2Fv2%2Fcomments&post=3184"}],"wp:featuredmedia":[{"embeddable":true,"href":"https:\/\/freistil-rolf-benz.de\/index.php?rest_route=\/wp\/v2\/media\/3198"}],"wp:attachment":[{"href":"https:\/\/freistil-rolf-benz.de\/index.php?rest_route=%2Fwp%2Fv2%2Fmedia&parent=3184"}],"wp:term":[{"taxonomy":"product_cat","embeddable":true,"href":"https:\/\/freistil-rolf-benz.de\/index.php?rest_route=%2Fwp%2Fv2%2Fproduct_cat&post=3184"},{"taxonomy":"product_tag","embeddable":true,"href":"https:\/\/freistil-rolf-benz.de\/index.php?rest_route=%2Fwp%2Fv2%2Fproduct_tag&post=3184"}],"curies":[{"name":"wp","href":"https:\/\/api.w.org\/{rel}","templated":true}]}}